{"id":16434,"date":"2025-03-01T07:36:33","date_gmt":"2025-03-01T07:36:33","guid":{"rendered":"https:\/\/cde.nus.edu.sg\/did\/?page_id=16434"},"modified":"2026-02-14T17:02:20","modified_gmt":"2026-02-14T09:02:20","slug":"study-abroad-internship","status":"publish","type":"page","link":"https:\/\/cde.nus.edu.sg\/did\/undergraduate\/study-abroad-internship\/","title":{"rendered":"Study Abroad and Internship"},"content":{"rendered":"\n\n\t\n\t\t\t<!-- START Study Abroad REVOLUTION SLIDER 6.6.20 --><p class=\"rs-p-wp-fix\"><\/p>\n\t\t\t<rs-module-wrap id=\"rev_slider_25_1_wrapper\" data-source=\"gallery\" style=\"visibility:hidden;background:transparent;padding:0;margin:0px auto;margin-top:0;margin-bottom:0;\">\n\t\t\t\t<rs-module id=\"rev_slider_25_1\" style=\"\" data-version=\"6.6.20\">\n\t\t\t\t\t<rs-slides style=\"overflow: hidden; position: absolute;\">\n\t\t\t\t\t\t<rs-slide style=\"position: absolute;\" data-key=\"rs-69\" data-title=\"Slide\" data-duration=\"5500ms\" data-anim=\"ms:1000ms;\" data-in=\"o:0;\" data-out=\"a:false;\">\n\t\t\t\t\t\t\t<img decoding=\"async\" src=\"\/\/cde.nus.edu.sg\/did\/wp-content\/plugins\/revslider\/public\/assets\/assets\/dummy.png\" alt=\"\" title=\"Study-abroad_69.jpeg\" width=\"1800\" height=\"600\" class=\"rev-slidebg tp-rs-img rs-lazyload\" data-lazyload=\"\/\/cde.nus.edu.sg\/did\/wp-content\/uploads\/sites\/27\/revslider\/video-media\/Study-abroad_69.jpeg\" data-parallax=\"off\" data-no-retina>\n\t\t\t\t\t\t\t<rs-bgvideo \n\t\t\t\t\t\t\t\tdata-video=\"w:100%;h:100%;nse:false;l:true;ptimer:false;vfc:true;\"\n\t\t\t\t\t\t\t\tdata-mp4=\"\/\/cde.nus.edu.sg\/did\/wp-content\/uploads\/sites\/27\/2025\/03\/Study-abroad.mp4\"\n\t\t\t\t\t\t\t><\/rs-bgvideo>\n<!---->\t\t\t\t\t\t<\/rs-slide>\n\t\t\t\t\t<\/rs-slides>\n\t\t\t\t<\/rs-module>\n\t\t\t\t<script>\n\t\t\t\t\tsetREVStartSize({c: 'rev_slider_25_1',rl:[1240,1024,778,480],el:[620,768,960,720],gw:[1240,1024,778,480],gh:[620,410,960,720],type:'standard',justify:'',layout:'fullwidth',mh:\"0\"});if (window.RS_MODULES!==undefined && window.RS_MODULES.modules!==undefined && window.RS_MODULES.modules[\"revslider251\"]!==undefined) {window.RS_MODULES.modules[\"revslider251\"].once = false;window.revapi25 = undefined;if (window.RS_MODULES.checkMinimal!==undefined) window.RS_MODULES.checkMinimal()}\n\t\t\t\t<\/script>\n\t\t\t<\/rs-module-wrap>\n\t\t\t<!-- END REVOLUTION SLIDER -->\n\n\t\t\t\t\t<ul id=\"menu-programmes-menu\"><li id=\"menu-item-3800\"><a href=\"https:\/\/cde.nus.edu.sg\/did\/postgraduate\/\">Postgraduate<\/a>\n<ul>\n\t<li id=\"menu-item-15399\"><a href=\"https:\/\/cde.nus.edu.sg\/did\/programmes\/postgraduate-admissions\/\">Admissions<\/a><\/li>\n\t<li id=\"menu-item-15408\"><a href=\"https:\/\/cde.nus.edu.sg\/did\/programmes\/postgraduate-structure\/\">Programme Structure<\/a><\/li>\n<\/ul>\n<\/li>\n<li id=\"menu-item-3801\"><a href=\"https:\/\/cde.nus.edu.sg\/did\/undergraduate\/\">Undergraduate<\/a>\n<ul>\n\t<li id=\"menu-item-15878\"><a href=\"https:\/\/cde.nus.edu.sg\/did\/undergraduate\/award-and-scholarship\/\">Award and Scholarship<\/a><\/li>\n\t<li id=\"menu-item-14124\"><a href=\"https:\/\/cde.nus.edu.sg\/did\/undergraduate\/curriculum-and-programme-structure\/\">Curriculum and Programme Structure<\/a><\/li>\n\t<li id=\"menu-item-15818\"><a href=\"https:\/\/cde.nus.edu.sg\/did\/undergraduate\/minor-visual-communication\/\">Minor in Visual Communication Design<\/a><\/li>\n\t<li id=\"menu-item-16444\"><a href=\"https:\/\/cde.nus.edu.sg\/did\/undergraduate\/study-abroad-internship\/\">Study Abroad and Internship<\/a><\/li>\n<\/ul>\n<\/li>\n<\/ul>\t\n\t<h3>\n\t\tStudent Exchange Programme (SEP)\n\t<\/h3>\n\t<p>To broaden the students&#8217; exposure, around two-thirds of each cohort goes for a one-semester overseas exchange programme during their third year to distinguished design schools. Our partner schools include:<\/p>\n<ul>\n<li>\u00c9cole cantonale d&#8217;art de Lausanne (ECAL)<\/li>\n<li>Eindhoven University of Technology (TU\/e)<\/li>\n<li>Georgia Institute of Technology<\/li>\n<li>Institut Sup\u00e9rieur du Design (ISD) Rubika<\/li>\n<li>Korea Advanced Institute of Science &amp; Technology (KAIST)<\/li>\n<li>L&#8217;\u00c9cole Nationale Sup\u00e9rieure de Cr\u00e9ation Industrielle (ENSCI-Les Ateliers)<\/li>\n<li>National Cheng Kung University (NCKU)<\/li>\n<li>Polytechnic University of Milan<\/li>\n<li>Strate School of Design (Serves and Lyon Campus)<br \/>\n<\/li>\n<li>Tsinghua University<\/li>\n<li>Zhejiang University (ZJU)<br \/>\n<\/li>\n<li>The Ohio State University<\/li>\n<\/ul>\n<br \/>\nUnder the Student Exchange Programme (SEP), students can spend up to one semester in approved overseas Universities offering similar courses. These courses could be counted towards the fulfilment of the student&#8217;s graduation requirements.<br \/>\n\n<p>Each student is eligible for only <strong>one<\/strong> of these semester-out experience throughout his\/her candidature at the division: Student Exchange Programme (SEP), Semester-long internship (Special Studies) or NUS Overseas College (NOC).<\/p>\n<h3>\n\t\tInternship Programme\n\t<\/h3>\n\t<p>Internship programmes offer opportunities to students to enhance their learning while gaining valuable work and industry knowledge and skills. The credit-bearing internship programmes offered are listed below:<\/p>\nID2041 Design Internship (4 units)<br \/>\nID2042 Work Experience Internship (4 units)<br \/>\nID3041 Special Studies (14 units)\n<p>Find out more <strong><a href=\"https:\/\/cde.nus.edu.sg\/did\/wp-content\/uploads\/sites\/27\/2024\/07\/Internship-Programmes_July2024.pdf\" target=\"_blank\" rel=\"noopener\">here<\/a><\/strong> on the Internship Programmes.<\/p>\n<p><a href=\"https:\/\/goo.gl\/forms\/pcrJ14RzHTnUbQ5j2\" target=\"_blank\" rel=\"noopener\"><strong>Internship Application Form<\/strong><\/a><\/p>\n<p><a href=\"https:\/\/cde.nus.edu.sg\/did\/wp-content\/uploads\/sites\/27\/2021\/10\/DID-Internship-Student-Report.pdf\" target=\"_blank\" rel=\"noopener\"><strong>Student Internship Report Template<\/strong><\/a><\/p>\n<h3>\n\t\tNUS Overseas Colleges (NOC)\n\t<\/h3>\n\t<p>The NUS Overseas Colleges (NOC) programme is all about providing you with the overseas experiential learning and entrepreneurial development that you need to kickstart your own journey. Please click <a href=\"https:\/\/enterprise.nus.edu.sg\/education-programmes\/nus-overseas-colleges\/\" target=\"_blank\" rel=\"noopener\"><strong>here<\/strong><\/a> for more information.<\/p>\n\t<p>For enquiries, please email to <strong><a title=\"mailto:stella.g@nus.edu.sg\" href=\"mailto:stella.g@nus.edu.sg\" data-ogsc=\"\" data-outlook-id=\"34d1a1a1-b01c-499d-a7b0-441a660eda88\">stella.g@nus.edu.sg<\/a><\/strong><\/p>\n<p><em>Note: Every effort is made to ensure that the information is accurate and current. However, the University reserves the right to make changes without notice.<\/em><\/p>\n\n","protected":false},"excerpt":{"rendered":"<p>Postgraduate Admissions Programme Structure Undergraduate Award and Scholarship Curriculum and Programme Structure Minor in Visual Communication Design Study Abroad and Internship Student Exchange Programme (SEP) To broaden the students&#8217; exposure, around two-thirds of each cohort goes for a one-semester overseas exchange programme during their third year to distinguished design schools. Our partner schools include: \u00c9cole [&hellip;]<\/p>\n","protected":false},"author":210,"featured_media":0,"parent":3704,"menu_order":0,"comment_status":"closed","ping_status":"closed","template":"","meta":{"_acf_changed":false,"site-sidebar-layout":"default","site-content-layout":"default","ast-site-content-layout":"default","site-content-style":"default","site-sidebar-style":"default","ast-global-header-display":"","ast-banner-title-visibility":"","ast-main-header-display":"","ast-hfb-above-header-display":"","ast-hfb-below-header-display":"","ast-hfb-mobile-header-display":"","site-post-title":"","ast-breadcrumbs-content":"","ast-featured-img":"","footer-sml-layout":"","theme-transparent-header-meta":"default","adv-header-id-meta":"","stick-header-meta":"default","header-above-stick-meta":"","header-main-stick-meta":"","header-below-stick-meta":"","astra-migrate-meta-layouts":"set","ast-page-background-enabled":"default","ast-page-background-meta":{"desktop":{"background-color":"var(--ast-global-color-4)","background-image":"","background-repeat":"repeat","background-position":"center center","background-size":"auto","background-attachment":"scroll","background-type":"","background-media":"","overlay-type":"","overlay-color":"","overlay-gradient":""},"tablet":{"background-color":"","background-image":"","background-repeat":"repeat","background-position":"center center","background-size":"auto","background-attachment":"scroll","background-type":"","background-media":"","overlay-type":"","overlay-color":"","overlay-gradient":""},"mobile":{"background-color":"","background-image":"","background-repeat":"repeat","background-position":"center center","background-size":"auto","background-attachment":"scroll","background-type":"","background-media":"","overlay-type":"","overlay-color":"","overlay-gradient":""}},"ast-content-background-meta":{"desktop":{"background-color":"var(--ast-global-color-5)","background-image":"","background-repeat":"repeat","background-position":"center center","background-size":"auto","background-attachment":"scroll","background-type":"","background-media":"","overlay-type":"","overlay-color":"","overlay-gradient":""},"tablet":{"background-color":"var(--ast-global-color-5)","background-image":"","background-repeat":"repeat","background-position":"center center","background-size":"auto","background-attachment":"scroll","background-type":"","background-media":"","overlay-type":"","overlay-color":"","overlay-gradient":""},"mobile":{"background-color":"var(--ast-global-color-5)","background-image":"","background-repeat":"repeat","background-position":"center center","background-size":"auto","background-attachment":"scroll","background-type":"","background-media":"","overlay-type":"","overlay-color":"","overlay-gradient":""}},"footnotes":""},"class_list":["post-16434","page","type-page","status-publish","hentry"],"acf":[],"_links":{"self":[{"href":"https:\/\/cde.nus.edu.sg\/did\/wp-json\/wp\/v2\/pages\/16434","targetHints":{"allow":["GET"]}}],"collection":[{"href":"https:\/\/cde.nus.edu.sg\/did\/wp-json\/wp\/v2\/pages"}],"about":[{"href":"https:\/\/cde.nus.edu.sg\/did\/wp-json\/wp\/v2\/types\/page"}],"author":[{"embeddable":true,"href":"https:\/\/cde.nus.edu.sg\/did\/wp-json\/wp\/v2\/users\/210"}],"replies":[{"embeddable":true,"href":"https:\/\/cde.nus.edu.sg\/did\/wp-json\/wp\/v2\/comments?post=16434"}],"version-history":[{"count":4,"href":"https:\/\/cde.nus.edu.sg\/did\/wp-json\/wp\/v2\/pages\/16434\/revisions"}],"predecessor-version":[{"id":17348,"href":"https:\/\/cde.nus.edu.sg\/did\/wp-json\/wp\/v2\/pages\/16434\/revisions\/17348"}],"up":[{"embeddable":true,"href":"https:\/\/cde.nus.edu.sg\/did\/wp-json\/wp\/v2\/pages\/3704"}],"wp:attachment":[{"href":"https:\/\/cde.nus.edu.sg\/did\/wp-json\/wp\/v2\/media?parent=16434"}],"curies":[{"name":"wp","href":"https:\/\/api.w.org\/{rel}","templated":true}]}}