{"id":18901,"date":"2025-09-26T12:52:29","date_gmt":"2025-09-26T04:52:29","guid":{"rendered":"https:\/\/cde.nus.edu.sg\/edic\/?page_id=18901"},"modified":"2025-09-29T09:53:44","modified_gmt":"2025-09-29T01:53:44","slug":"equipment","status":"publish","type":"page","link":"https:\/\/cde.nus.edu.sg\/edic\/facilities\/innovation-hub\/equipment\/","title":{"rendered":"Equipment at the hub"},"content":{"rendered":"\n<h2>\n\t\tEquipment\n\t<\/h2>\n\tFor 3D printing, laser cutting and vacuum forming requests, please fill in the Job Request form. To view the full list of equipment and specifications, check out the Equipment Catalogue.\n\t\t\t<a href=\"https:\/\/forms.office.com\/r\/DrCnBSeW6Y\" target=\"_self\">\n\t\t\t\t\t\t\tJob Request Form\n\t\t\t\t\t<\/a>\n\t\t\t<a href=\"https:\/\/nusu-my.sharepoint.com\/:b:\/g\/personal\/yeetengh_nus_edu_sg\/ESvrGBzl2LFCme6d6gekYkMBBitrLSoTOGySQgU3DJX1eA?e=Ew436E\" target=\"_self\">\n\t\t\t\t\t\t\tEquipment Catalogue\n\t\t\t\t\t<\/a>\n<h2>\n\t\tMedia Room\n\t<\/h2>\n\t\t\t<a href=\"https:\/\/nusu-my.sharepoint.com\/:b:\/g\/personal\/yeetengh_nus_edu_sg\/ETM3sWy2_HNLjUJcIy3UHuQBbXonXZGWeGgFOb_Iy11EQA\" target=\"_self\">\n\t\t\t\t\t\t\tRead Media Room SOP\n\t\t\t\t\t<\/a>\n\t\t\t\t\t<a href=\"void(0);\" id=\"fl-accordion--label-0\" aria-controls=\"fl-accordion--panel-0\">Cameras<\/a>\n\t\t\t\t\t\t\t\t\t\t\t<a href=\"#\" id=\"fl-accordion--icon-0\" aria-controls=\"fl-accordion--panel-0\"><i>Expand<\/i><\/a>\n<p><img loading=\"lazy\" decoding=\"async\" src=\"https:\/\/cde.nus.edu.sg\/edic\/wp-content\/uploads\/sites\/37\/2025\/09\/camera.png\" alt=\"\" width=\"597\" height=\"397\" \/><\/p>\n<h4>Sony Alpha 7S III<\/h4>\nThe Sony Alpha 7S III is a mirrorless interchangeable-lens camera with a full-frame 12.1 MP CMOS image sensor. It provides strong movie performance including high sensitivity, 15-stop wide dynamic range, 4K 120p (with 10% image crop), fast AF, and strong image stabilisation.<br \/>\n\n\t\t\t\t\t<a href=\"void(0);\" id=\"fl-accordion--label-1\" aria-controls=\"fl-accordion--panel-1\">Lenses<\/a>\n\t\t\t\t\t\t\t\t\t\t\t<a href=\"#\" id=\"fl-accordion--icon-1\" aria-controls=\"fl-accordion--panel-1\"><i>Expand<\/i><\/a>\n<article><img loading=\"lazy\" decoding=\"async\" src=\"https:\/\/cde.nus.edu.sg\/edic\/wp-content\/uploads\/sites\/37\/2025\/09\/FE_70-200mm_F2.8_GM_OSS_II-300x300.png\" alt=\"\" width=\"300\" height=\"300\" \/>\n<h4>FE 12-24mm F2.8 GM<\/h4>\n<p>Wide angle<\/p>\n<\/article>\n<article><img loading=\"lazy\" decoding=\"async\" src=\"https:\/\/cde.nus.edu.sg\/edic\/wp-content\/uploads\/sites\/37\/2025\/09\/FE_24-70mm_F2.8_GM-300x300.png\" alt=\"\" width=\"300\" height=\"300\" \/>\n<h4>FE 24-70mm F2.8 GM<\/h4>\n<p>Standard zoom<\/p>\n<\/article>\n<article><img loading=\"lazy\" decoding=\"async\" src=\"https:\/\/cde.nus.edu.sg\/edic\/wp-content\/uploads\/sites\/37\/2025\/09\/FE_12-24mm_F2.8_GM-300x300.png\" alt=\"\" width=\"300\" height=\"300\" \/>\n<h4>FE 70-200mm F2.8 GM OSS<\/h4>\n<p>Telephoto<\/p>\n<\/article>\n\t\t\t\t\t<a href=\"void(0);\" id=\"fl-accordion--label-2\" aria-controls=\"fl-accordion--panel-2\">Lighting<\/a>\n\t\t\t\t\t\t\t\t\t\t\t<a href=\"#\" id=\"fl-accordion--icon-2\" aria-controls=\"fl-accordion--panel-2\"><i>Expand<\/i><\/a>\n<article><img loading=\"lazy\" decoding=\"async\" src=\"https:\/\/cde.nus.edu.sg\/edic\/wp-content\/uploads\/sites\/37\/2025\/09\/stripbox-300x300.png\" alt=\"Stripbox\" width=\"300\" height=\"300\" \/>\n<h4>1 \u00d7 Stripbox<\/h4>\n<p><strong>35 \u00d7 75cm<\/strong><\/p>\n<p>Elinchrom Portrait Kit<\/p>\n<\/article>\n<article><img loading=\"lazy\" decoding=\"async\" src=\"https:\/\/cde.nus.edu.sg\/edic\/wp-content\/uploads\/sites\/37\/2025\/09\/rectabox-300x300.png\" alt=\"\" width=\"300\" height=\"300\" \/>\n<h4>2 \u00d7 Rectabox<\/h4>\n<p><strong>55 \u00d7 75cm<\/strong><\/p>\n<p>Elinchrom Softbox To Go Kit<\/p>\n<\/article>\n<article><img loading=\"lazy\" decoding=\"async\" src=\"https:\/\/cde.nus.edu.sg\/edic\/wp-content\/uploads\/sites\/37\/2025\/09\/octabox-300x300.png\" alt=\"\" width=\"300\" height=\"300\" \/>\n<h4>1 \u00d7 Octabox<\/h4>\n<p><strong>60cm<\/strong><\/p>\n<p>Elinchrom Portrait Kit<\/p>\n<\/article>\n<article><img loading=\"lazy\" decoding=\"async\" src=\"https:\/\/cde.nus.edu.sg\/edic\/wp-content\/uploads\/sites\/37\/2025\/09\/square_softbox-300x300.png\" alt=\"\" width=\"300\" height=\"300\" \/>\n<h4>2 \u00d7 Square Softbox<\/h4>\n<p><strong>66cm<\/strong><\/p>\n<p>D-Lite RX 4\/4 Softbox To-Go Set<\/p>\n<\/article>\n<article><img loading=\"lazy\" decoding=\"async\" src=\"https:\/\/cde.nus.edu.sg\/edic\/wp-content\/uploads\/sites\/37\/2025\/09\/octa_squarebox-300x300.png\" alt=\"\" width=\"300\" height=\"300\" \/>\n<h4>1 \u00d7 Octa Softbox<\/h4>\n<p><strong>56cm<\/strong><\/p>\n<p>D-Lite RX 4\/4 Softbox To-Go Set<\/p>\n<\/article>\n<p><img loading=\"lazy\" decoding=\"async\" src=\"https:\/\/cde.nus.edu.sg\/edic\/wp-content\/uploads\/sites\/37\/2025\/09\/apture-300x300.png\" alt=\"\" width=\"300\" height=\"300\" \/><\/p>\n<h3>3 \u00d7 Aputure Nova P600C Kit<\/h3>\n2,000K to 10,000K<br \/>\nAdjustable brightness<br \/>\n600W RGBWW\n<p>Instead of flash lights, video lights can be used for video, when shutter speed needs to be longer than 1\/200 or when coloured lights of varying temperatures are needed.<\/p>\n\t\t\t\t\t<a href=\"void(0);\" id=\"fl-accordion--label-3\" aria-controls=\"fl-accordion--panel-3\">Sound &amp; Audio<\/a>\n\t\t\t\t\t\t\t\t\t\t\t<a href=\"#\" id=\"fl-accordion--icon-3\" aria-controls=\"fl-accordion--panel-3\"><i>Expand<\/i><\/a>\n<p><img loading=\"lazy\" decoding=\"async\" src=\"https:\/\/cde.nus.edu.sg\/edic\/wp-content\/uploads\/sites\/37\/2025\/09\/rode_microphone_system-300x232.webp\" alt=\"\" width=\"300\" height=\"232\" \/><\/p>\n<h4>RODE Wireless GO II Dual Channel Wireless Microphone System<\/h4>\n<p>Includes two microphones that can used on its own or attached to the RODE Lavalier Microphone or the RODE Interview Go.<\/p>\n<p>&nbsp;<\/p>\n<h2>\n\t\tTinkering Corner\n\t<\/h2>\n\t\t\t\t\t<a href=\"void(0);\" id=\"fl-accordion--label-0\" aria-controls=\"fl-accordion--panel-0\">Soldering Stations<\/a>\n\t\t\t\t\t\t\t\t\t\t\t<a href=\"#\" id=\"fl-accordion--icon-0\" aria-controls=\"fl-accordion--panel-0\"><i>Expand<\/i><\/a>\n<p><img loading=\"lazy\" decoding=\"async\" src=\"https:\/\/cde.nus.edu.sg\/edic\/wp-content\/uploads\/sites\/37\/2025\/09\/soldering_station-1024x768.jpeg\" alt=\"\" width=\"1024\" height=\"768\" \/><\/p>\n<h4>2 x Weller WT1H<br \/>\n2 x Weller WE1010<\/h4>\n\t\t\t\t\t<a href=\"void(0);\" id=\"fl-accordion--label-1\" aria-controls=\"fl-accordion--panel-1\">3D Printers<\/a>\n\t\t\t\t\t\t\t\t\t\t\t<a href=\"#\" id=\"fl-accordion--icon-1\" aria-controls=\"fl-accordion--panel-1\"><i>Expand<\/i><\/a>\n<article><img loading=\"lazy\" decoding=\"async\" src=\"https:\/\/cde.nus.edu.sg\/edic\/wp-content\/uploads\/sites\/37\/2025\/09\/tiertime-300x225.jpeg\" alt=\"\" width=\"300\" height=\"225\" \/>\n<h3>Tiertime UP300<\/h3>\n<p>The Tiertime UP300 3D printer features interchangeable print heads and build plates for different materials. It also has a dual filtration system that helps to reduce toxic emissions.<\/p>\n<p>&nbsp;<\/p>\n<ul>\n<li><strong>Maximum build volume:<\/strong> 205 mm \u00d7 255 mm \u00d7 225 mm (W \u00d7 D \u00d7 H)<\/li>\n<li><strong>Materials:<\/strong> ABS, PLA<\/li>\n<\/ul>\n<p><a href=\"https:\/\/nusu-my.sharepoint.com\/:b:\/g\/personal\/yeetengh_nus_edu_sg\/EfIBbsfjCNRHm3SmdWWBrVUBxmVV4IqYvz7V06d8x_TcYw\">Read 3D Printer 101 \u2197<\/a><\/p>\n<\/article>\n<article><img loading=\"lazy\" decoding=\"async\" src=\"https:\/\/cde.nus.edu.sg\/edic\/wp-content\/uploads\/sites\/37\/2025\/09\/bambu-300x300.jpg\" alt=\"\" width=\"300\" height=\"300\" \/>\n<h3>Bambu Lab X1-Carbon<\/h3>\n<p>The Bambu Lab X1-Carbon is a high-performance 3D printer with CoreXY high speed and multi-color capabilities, built for both beginners and professionals.<\/p>\n<p>&nbsp;<\/p>\n<ul>\n<li><strong>Maximum build volume:<\/strong> 256 mm \u00d7 256 mm \u00d7 256 mm<\/li>\n<li><strong>Materials:<\/strong> ABS, PLA, PETG, TPU<\/li>\n<\/ul>\n<p><a href=\"https:\/\/nusu-my.sharepoint.com\/:b:\/g\/personal\/yeetengh_nus_edu_sg\/EWZgCI-1sgNGrxa9A882xAgBrAelY8W268dQ6QLYIYOK8A\">Read Bambu Lab SOP \u2197<\/a><\/p>\n<\/article>\n<article><img loading=\"lazy\" decoding=\"async\" src=\"https:\/\/cde.nus.edu.sg\/edic\/wp-content\/uploads\/sites\/37\/2025\/09\/projet-300x225.jpeg\" alt=\"\" width=\"300\" height=\"225\" \/>\n<h3>Projet MJP 2500 Plus<\/h3>\n<p>With its advanced MultiJet Printing (MJP) technology, the ProJet MJP 2500 Plus offers high-resolution and high-speed 3D printing capabilities.<\/p>\n<p>&nbsp;<\/p>\n<ul>\n<li><strong>Maximum build volume:<\/strong> 294 mm \u00d7 211 mm \u00d7 144 mm<\/li>\n<li><strong>HD Mode:<\/strong> 800 \u00d7 900 \u00d7 790 DPI; 32 \u00b5 layers<\/li>\n<li><strong>UHD Mode:<\/strong> 1600 \u00d7 900 \u00d7 790 DPI; 32 \u00b5 layers<\/li>\n<\/ul>\n<p><a href=\"https:\/\/nusu-my.sharepoint.com\/:f:\/g\/personal\/yeetengh_nus_edu_sg\/EiuPfjsbSKVElgB5wcsgzTMB-tUynek2RJcGhFCuwf4Nig\">Read ProJet Guide \u2197<\/a><\/p>\n<\/article>\n\t\t\t\t\t<a href=\"void(0);\" id=\"fl-accordion--label-2\" aria-controls=\"fl-accordion--panel-2\">Vacuum Former<\/a>\n\t\t\t\t\t\t\t\t\t\t\t<a href=\"#\" id=\"fl-accordion--icon-2\" aria-controls=\"fl-accordion--panel-2\"><i>Expand<\/i><\/a>\n<p><img loading=\"lazy\" decoding=\"async\" src=\"https:\/\/cde.nus.edu.sg\/edic\/wp-content\/uploads\/sites\/37\/2025\/09\/formech-300x225.jpeg\" alt=\"\" width=\"300\" height=\"225\" \/><\/p>\n<h3>Formech 508DT<\/h3>\n<p>The Formech 508DT is a user-friendly desktop machine with the power and capability to form more demanding shapes and materials.<\/p>\n<ul>\n<li><strong>Mold size:<\/strong> 450 mm \u00d7 400 mm \u00d7 250 mm<\/li>\n<li><strong>Materials:<\/strong> PET, HIPS, ABS, Acrylic (PMMA)<\/li>\n<li><strong>Material size:<\/strong> 520 mm \u00d7 470 mm<\/li>\n<li><strong>Maximum material thickness:<\/strong> 5 mm<\/li>\n<\/ul>\n<p><a href=\"#\">Read user manual \u2197<\/a><\/p>\n\t\t\t\t\t<a href=\"void(0);\" id=\"fl-accordion--label-3\" aria-controls=\"fl-accordion--panel-3\">Cutting Machine<\/a>\n\t\t\t\t\t\t\t\t\t\t\t<a href=\"#\" id=\"fl-accordion--icon-3\" aria-controls=\"fl-accordion--panel-3\"><i>Expand<\/i><\/a>\n<p><img loading=\"lazy\" decoding=\"async\" src=\"https:\/\/cde.nus.edu.sg\/edic\/wp-content\/uploads\/sites\/37\/2025\/09\/cricut-maker-300x225.jpeg\" alt=\"\" width=\"300\" height=\"225\" \/><\/p>\n<h3>Cricut Maker 3<\/h3>\n<p>The Cricut Maker 3 is capable of cutting various materials from paper and fabric to leather and balsa wood.<\/p>\n<ul>\n<li><strong>Maximum cut size:<\/strong> 330 mm \u00d7 3600 mm<\/li>\n<li><strong>Materials:<\/strong> Paper, Vinyl, Smart Iron-On, Cardstock, Fabric, etc.<\/li>\n<li><strong>Maximum material thickness:<\/strong> 2.4 mm<\/li>\n<\/ul>\n<p><a href=\"https:\/\/nusu-my.sharepoint.com\/:b:\/g\/personal\/yeetengh_nus_edu_sg\/EUuPIPyy_VxMqZYZ01mhNc4BUGqrHvCq4syoCxyn1yDFaQ\">Read Cricut SOP \u2197<\/a><\/p>\n\t\t\t\t\t<a href=\"void(0);\" id=\"fl-accordion--label-4\" aria-controls=\"fl-accordion--panel-4\">Sewing &amp; Embroidery Machine<\/a>\n\t\t\t\t\t\t\t\t\t\t\t<a href=\"#\" id=\"fl-accordion--icon-4\" aria-controls=\"fl-accordion--panel-4\"><i>Expand<\/i><\/a>\n<p><img loading=\"lazy\" decoding=\"async\" src=\"https:\/\/cde.nus.edu.sg\/edic\/wp-content\/uploads\/sites\/37\/2025\/09\/sewing-machine-300x225.jpeg\" alt=\"\" width=\"300\" height=\"225\" \/><\/p>\n<h3>Brother Innov-is NV2700<\/h3>\n<p>The Brother Innov-is NV2700 has a large embroidery area and ensures perfect needle positioning by using a crosshair LED pointer.<\/p>\n<ul>\n<li><strong>Embroidery area:<\/strong> 160 mm \u00d7 260 mm<\/li>\n<li><strong>Built-in stitches design:<\/strong> 291<\/li>\n<li><strong>Built-in embroidery fonts:<\/strong> 13<\/li>\n<\/ul>\n<p><a href=\"https:\/\/nusu-my.sharepoint.com\/:b:\/g\/personal\/yeetengh_nus_edu_sg\/Ef0jyiXfJaFNoqz64UuqGugBWFSomhDJHJ6gyqV942amkg\">Read user manual \u2197<\/a><\/p>\n\t\t\t\t\t<a href=\"void(0);\" id=\"fl-accordion--label-5\" aria-controls=\"fl-accordion--panel-5\">Laser Cutter<\/a>\n\t\t\t\t\t\t\t\t\t\t\t<a href=\"#\" id=\"fl-accordion--icon-5\" aria-controls=\"fl-accordion--panel-5\"><i>Expand<\/i><\/a>\n<p><img loading=\"lazy\" decoding=\"async\" src=\"https:\/\/cde.nus.edu.sg\/edic\/wp-content\/uploads\/sites\/37\/2025\/09\/laser-cutter-300x225.jpg\" alt=\"\" width=\"300\" height=\"225\" \/><\/p>\n<h3>Epilog Fusion Pro 36<\/h3>\n<p>Epilog Fusion Pro 36 is a high-quality laser engraving &amp; cutting machine with a substantial work area and advanced CO2 laser technology.<\/p>\n<ul>\n<li><strong>Work Area:<\/strong> 914 mm x 610 mm<\/li>\n<li><strong>Laser Power:<\/strong> 100W<\/li>\n<li><strong>Engraving Resolution:<\/strong> 75 &#8211; 1200 dpi<\/li>\n<li><strong>Material Compatibility:<\/strong> Acrylic<\/li>\n<li><strong>Software:<\/strong> CorelDRAW<\/li>\n<li><strong>File Transfer:<\/strong> Wired connection<\/li>\n<\/ul>\n<p><a href=\"https:\/\/nusu-my.sharepoint.com\/:b:\/g\/personal\/yeetengh_nus_edu_sg\/EVE9t1ED9sZEv32DrO5RuxYBQeX-RIYTFiaXhVwWZfdnog?e=cP0PYl\">Read user manual \u2197<\/a><\/p>\n\n","protected":false},"excerpt":{"rendered":"<p>Equipment For 3D printing, laser cutting and vacuum forming requests, please fill in the Job Request form. To view the full list of equipment and specifications, check out the Equipment Catalogue. Job Request Form Equipment Catalogue Media Room Read Media Room SOP Cameras Expand Sony Alpha 7S III The Sony Alpha 7S III is a [&hellip;]<\/p>\n","protected":false},"author":354,"featured_media":0,"parent":14712,"menu_order":0,"comment_status":"closed","ping_status":"closed","template":"","meta":{"_acf_changed":false,"site-sidebar-layout":"no-sidebar","site-content-layout":"page-builder","ast-site-content-layout":"default","site-content-style":"default","site-sidebar-style":"default","ast-global-header-display":"","ast-banner-title-visibility":"","ast-main-header-display":"","ast-hfb-above-header-display":"","ast-hfb-below-header-display":"","ast-hfb-mobile-header-display":"","site-post-title":"disabled","ast-breadcrumbs-content":"","ast-featured-img":"disabled","footer-sml-layout":"","theme-transparent-header-meta":"default","adv-header-id-meta":"","stick-header-meta":"","header-above-stick-meta":"","header-main-stick-meta":"","header-below-stick-meta":"","astra-migrate-meta-layouts":"set","ast-page-background-enabled":"default","ast-page-background-meta":{"desktop":{"background-color":"var(--ast-global-color-4)","background-image":"","background-repeat":"repeat","background-position":"center center","background-size":"auto","background-attachment":"scroll","background-type":"","background-media":"","overlay-type":"","overlay-color":"","overlay-gradient":""},"tablet":{"background-color":"","background-image":"","background-repeat":"repeat","background-position":"center center","background-size":"auto","background-attachment":"scroll","background-type":"","background-media":"","overlay-type":"","overlay-color":"","overlay-gradient":""},"mobile":{"background-color":"","background-image":"","background-repeat":"repeat","background-position":"center center","background-size":"auto","background-attachment":"scroll","background-type":"","background-media":"","overlay-type":"","overlay-color":"","overlay-gradient":""}},"ast-content-background-meta":{"desktop":{"background-color":"var(--ast-global-color-5)","background-image":"","background-repeat":"repeat","background-position":"center center","background-size":"auto","background-attachment":"scroll","background-type":"","background-media":"","overlay-type":"","overlay-color":"","overlay-gradient":""},"tablet":{"background-color":"var(--ast-global-color-5)","background-image":"","background-repeat":"repeat","background-position":"center center","background-size":"auto","background-attachment":"scroll","background-type":"","background-media":"","overlay-type":"","overlay-color":"","overlay-gradient":""},"mobile":{"background-color":"var(--ast-global-color-5)","background-image":"","background-repeat":"repeat","background-position":"center center","background-size":"auto","background-attachment":"scroll","background-type":"","background-media":"","overlay-type":"","overlay-color":"","overlay-gradient":""}},"footnotes":""},"class_list":["post-18901","page","type-page","status-publish","hentry"],"acf":[],"_links":{"self":[{"href":"https:\/\/cde.nus.edu.sg\/edic\/wp-json\/wp\/v2\/pages\/18901","targetHints":{"allow":["GET"]}}],"collection":[{"href":"https:\/\/cde.nus.edu.sg\/edic\/wp-json\/wp\/v2\/pages"}],"about":[{"href":"https:\/\/cde.nus.edu.sg\/edic\/wp-json\/wp\/v2\/types\/page"}],"author":[{"embeddable":true,"href":"https:\/\/cde.nus.edu.sg\/edic\/wp-json\/wp\/v2\/users\/354"}],"replies":[{"embeddable":true,"href":"https:\/\/cde.nus.edu.sg\/edic\/wp-json\/wp\/v2\/comments?post=18901"}],"version-history":[{"count":4,"href":"https:\/\/cde.nus.edu.sg\/edic\/wp-json\/wp\/v2\/pages\/18901\/revisions"}],"predecessor-version":[{"id":19046,"href":"https:\/\/cde.nus.edu.sg\/edic\/wp-json\/wp\/v2\/pages\/18901\/revisions\/19046"}],"up":[{"embeddable":true,"href":"https:\/\/cde.nus.edu.sg\/edic\/wp-json\/wp\/v2\/pages\/14712"}],"wp:attachment":[{"href":"https:\/\/cde.nus.edu.sg\/edic\/wp-json\/wp\/v2\/media?parent=18901"}],"curies":[{"name":"wp","href":"https:\/\/api.w.org\/{rel}","templated":true}]}}